{"id":2428,"date":"2021-05-19T09:11:15","date_gmt":"2021-05-19T09:11:15","guid":{"rendered":"https:\/\/www.lisettehuizenga.com\/about-me\/"},"modified":"2025-07-28T13:36:28","modified_gmt":"2025-07-28T13:36:28","slug":"su-di-me","status":"publish","type":"page","link":"https:\/\/www.lisettehuizenga.com\/it\/su-di-me\/","title":{"rendered":"Over mij"},"content":{"rendered":"[vc_row][vc_column][vc_column_text css=&#8221;.vc_custom_1753709159207{margin-bottom: 0px !important;padding-top: 20px !important;padding-bottom: 20px !important;}&#8221;]\n<h2 style=\"text-align: center;\">Inspiratie uit de schoonheid van het leven<\/h2>\n<h2 style=\"text-align: center;\">laat mijn werk en leven samenvloeien<\/h2>\n[\/vc_column_text][\/vc_column][\/vc_row][vc_row][vc_column width=&#8221;1\/6&#8243;][vc_single_image image=&#8221;2526&#8243;][\/vc_column][vc_column width=&#8221;2\/3&#8243;][vc_column_text css=&#8221;.vc_custom_1753709783865{margin-bottom: 0px !important;}&#8221;]\n<h3><em><strong>Visie<\/strong><\/em><\/h3>\n<p class=\"my-0\">Mijn doel is de schoonheid van onze wereld tot uitdrukking te brengen in mijn werk, zowel door te cre\u00ebren als via mijn lezingen over de idee\u00ebn en achtergronden van mijn creaties. Ruimte speelt hierbij een centrale rol. Als schilder ben ik mij ervan bewust dat ik illusionaire ruimte schep; ik zoek vaak de grens op met de fysieke ruimte om de illusie in het werk en de realiteit te laten samensmelten tot \u00e9\u00e9n geheel. Het ultieme is wanneer de toeschouwer actief deelneemt aan het kunstwerk.<\/p>\n<p class=\"my-0\">Het is mijn intentie waarde toe te voegen, de ruimtelijke beleving te verrijken en vreugde te brengen. Voor mij gaat een beeld verder dan esthetiek: het moet verrassen, verwonderen en nieuwe perspectieven openen.<\/p>\n<h3 class=\"my-0\"><strong><em>Verbeelding<\/em><\/strong><\/h3>\n<p class=\"my-0\">Mijn belangrijkste middelen zijn mijn computer en fotocamera, waarmee ik \u2013 net als kunstenaars uit het verleden \u2013 de grenzen van realiteit verken via experimenten. Ik ben ge\u00efnspireerd door Renaissance-schilders, die perspectief gebruikten om de wereld te tonen zoals wij die zien, en door abstracte kunstenaars uit het begin van de 20e eeuw, zoals Mondriaan, die hun innerlijke beleving van die wereld uitdrukten. Ook heeft de Amerikaanse filosoof Ken Wilber mij gestimuleerd om ruimte op een meer integrale wijze te benaderen.<\/p>\n<p class=\"my-0\">De wisselwerking tussen realiteit en illusie fascineert mij: hoe kunnen beeld en werkelijkheid met elkaar communiceren of zelfs \u00e9\u00e9n worden? Kan deze interactie een vriendelijkere en inspirerende ervaring cre\u00ebren voor mensen? Hoe kunnen we zo een positieve impact hebben op zowel mensen als hun omgeving? Deze vragen onderzoek ik samen met mijn samenwerkingspartners en klanten, waarbij ik hoop en inspiratie wil blijven uitdragen.<\/p>\n[\/vc_column_text][\/vc_column][vc_column width=&#8221;1\/6&#8243;][\/vc_column][\/vc_row][vc_row][vc_column width=&#8221;1\/6&#8243;][\/vc_column][vc_column width=&#8221;2\/3&#8243;][vc_column_text css=&#8221;.vc_custom_1753707673132{margin-bottom: 0px !important;}&#8221;]\n<h3><em><strong>Mijn verhaal<\/strong><\/em><\/h3>\n<div>\n<p class=\"my-0\">Op mijn achttiende stopte ik met school en nam ik samen met mijn toenmalige vriend een failliete uitgeverij over. Door hard werken groeiden we uit tot een succesvol bedrijf met drie huis-aan-huiskranten, gericht op positief nieuws in de armere wijken van Den Haag. Na florerende jaren miste ik op de langere termijn perspectieven om mijn levenspad als betekenisvol te blijven ervaren en hier verdere stappen in te zetten.<\/p>\n<p class=\"my-0\">Na veertien jaar nam ik een ingrijpende beslissing: ik ging voor een sabbatical naar Florence en besloot de uitgeverij achter me te laten. Deze stap vormde het begin van een geheel nieuwe levensfase.<\/p>\n<p class=\"my-0\">Op zoek naar persoonlijke groei, beweging en ontwikkeling besloot ik terug naar school te gaan. In 2004 werd ik toegelaten tot de Koninklijke Academie van Beeldende Kunsten in Den Haag (KABK), een ervaring die ik als een geschenk uit het universum beschouwde. In 2009 studeerde ik af met mijn 3D-kunstwerk Caleidoscopia.<\/p>\n<p class=\"my-0\">Hier begon mijn nieuwe leven als beeldend kunstenaar. Tot mijn grote vreugde groeide de belangstelling voor mijn werk, ook in het Itali\u00eb waaraan ik me zo verbonden mee voel. In 2015 ontving ik tot mijn verrassing een uitnodiging om deel te nemen aan een internationale tentoonstelling tijdens de Bi\u00ebnnale van Veneti\u00eb. De jaren daarna bracht ik grotendeels door in Veneti\u00eb, waar ik een nieuw leven opbouwde, nieuwe mensen ontmoette, en een nieuwe taal en cultuur ontdekte die mijn leven verrijkten. De onafhankelijke denker uit Nederland zat al in mij, maar in Itali\u00eb werd de levenskunstenaar geboren.<\/p>\n<p>Ik breng nu mijn ervaringen uit beide werelden samen.<\/p>\n<\/div>\n[\/vc_column_text][\/vc_column][vc_column width=&#8221;1\/6&#8243;][\/vc_column][\/vc_row]\n","protected":false},"excerpt":{"rendered":"<p>[vc_row][vc_column][vc_column_text css=&#8221;.vc_custom_1753709159207{margin-bottom: 0px !important;padding-top: 20px !important;padding-bottom: 20px !important;}&#8221;] Inspiratie uit de schoonheid van het leven laat mijn werk en leven samenvloeien [\/vc_column_text][\/vc_column][\/vc_row][vc_row][vc_column width=&#8221;1\/6&#8243;][vc_single_image image=&#8221;2526&#8243;][\/vc_column][vc_column width=&#8221;2\/3&#8243;][vc_column_text css=&#8221;.vc_custom_1753709783865{margin-bottom: 0px !important;}&#8221;] Visie Mijn doel is de schoonheid van onze wereld tot uitdrukking te brengen in mijn werk, zowel door te cre\u00ebren als via mijn lezingen over de idee\u00ebn [&hellip;]<\/p>\n","protected":false},"author":4,"featured_media":0,"parent":0,"menu_order":0,"comment_status":"closed","ping_status":"closed","template":"","meta":{"footnotes":""},"class_list":["post-2428","page","type-page","status-publish","hentry"],"yoast_head":"<!-- This site is optimized with the Yoast SEO plugin v25.7 - https:\/\/yoast.com\/wordpress\/plugins\/seo\/ -->\n<title>Over mij - Lisette Huizenga<\/title>\n<meta name=\"robots\" content=\"index, follow, max-snippet:-1, max-image-preview:large, max-video-preview:-1\" \/>\n<link rel=\"canonical\" href=\"https:\/\/www.lisettehuizenga.com\/su-di-me\/\" \/>\n<meta property=\"og:locale\" content=\"en_US\" \/>\n<meta property=\"og:type\" content=\"article\" \/>\n<meta property=\"og:title\" content=\"Over mij - Lisette Huizenga\" \/>\n<meta property=\"og:description\" content=\"[vc_row][vc_column][vc_column_text css=&#8221;.vc_custom_1753709159207{margin-bottom: 0px !important;padding-top: 20px !important;padding-bottom: 20px !important;}&#8221;] Inspiratie uit de schoonheid van het leven laat mijn werk en leven samenvloeien [\/vc_column_text][\/vc_column][\/vc_row][vc_row][vc_column width=&#8221;1\/6&#8243;][vc_single_image image=&#8221;2526&#8243;][\/vc_column][vc_column width=&#8221;2\/3&#8243;][vc_column_text css=&#8221;.vc_custom_1753709783865{margin-bottom: 0px !important;}&#8221;] Visie Mijn doel is de schoonheid van onze wereld tot uitdrukking te brengen in mijn werk, zowel door te cre\u00ebren als via mijn lezingen over de idee\u00ebn [&hellip;]\" \/>\n<meta property=\"og:url\" content=\"https:\/\/www.lisettehuizenga.com\/it\/su-di-me\/\" \/>\n<meta property=\"og:site_name\" content=\"Lisette Huizenga\" \/>\n<meta property=\"article:publisher\" content=\"https:\/\/www.facebook.com\/lisette.huizenga\/\" \/>\n<meta property=\"article:modified_time\" content=\"2025-07-28T13:36:28+00:00\" \/>\n<meta name=\"twitter:card\" content=\"summary_large_image\" \/>\n<meta name=\"twitter:label1\" content=\"Est. reading time\" \/>\n\t<meta name=\"twitter:data1\" content=\"3 minutes\" \/>\n<script type=\"application\/ld+json\" class=\"yoast-schema-graph\">{\"@context\":\"https:\/\/schema.org\",\"@graph\":[{\"@type\":\"WebPage\",\"@id\":\"https:\/\/www.lisettehuizenga.com\/it\/su-di-me\/\",\"url\":\"https:\/\/www.lisettehuizenga.com\/it\/su-di-me\/\",\"name\":\"Over mij - Lisette Huizenga\",\"isPartOf\":{\"@id\":\"https:\/\/www.lisettehuizenga.com\/#website\"},\"datePublished\":\"2021-05-19T09:11:15+00:00\",\"dateModified\":\"2025-07-28T13:36:28+00:00\",\"breadcrumb\":{\"@id\":\"https:\/\/www.lisettehuizenga.com\/it\/su-di-me\/#breadcrumb\"},\"inLanguage\":\"en-US\",\"potentialAction\":[{\"@type\":\"ReadAction\",\"target\":[\"https:\/\/www.lisettehuizenga.com\/it\/su-di-me\/\"]}]},{\"@type\":\"BreadcrumbList\",\"@id\":\"https:\/\/www.lisettehuizenga.com\/it\/su-di-me\/#breadcrumb\",\"itemListElement\":[{\"@type\":\"ListItem\",\"position\":1,\"name\":\"Home\",\"item\":\"https:\/\/www.lisettehuizenga.com\/\"},{\"@type\":\"ListItem\",\"position\":2,\"name\":\"Over mij\"}]},{\"@type\":\"WebSite\",\"@id\":\"https:\/\/www.lisettehuizenga.com\/#website\",\"url\":\"https:\/\/www.lisettehuizenga.com\/\",\"name\":\"Lisette Huizenga\",\"description\":\"\",\"publisher\":{\"@id\":\"https:\/\/www.lisettehuizenga.com\/#organization\"},\"potentialAction\":[{\"@type\":\"SearchAction\",\"target\":{\"@type\":\"EntryPoint\",\"urlTemplate\":\"https:\/\/www.lisettehuizenga.com\/?s={search_term_string}\"},\"query-input\":{\"@type\":\"PropertyValueSpecification\",\"valueRequired\":true,\"valueName\":\"search_term_string\"}}],\"inLanguage\":\"en-US\"},{\"@type\":\"Organization\",\"@id\":\"https:\/\/www.lisettehuizenga.com\/#organization\",\"name\":\"Lisette Huizenga\",\"url\":\"https:\/\/www.lisettehuizenga.com\/\",\"logo\":{\"@type\":\"ImageObject\",\"inLanguage\":\"en-US\",\"@id\":\"https:\/\/www.lisettehuizenga.com\/#\/schema\/logo\/image\/\",\"url\":\"https:\/\/www.lisettehuizenga.com\/wp-content\/uploads\/2024\/11\/logo1_enpng.png\",\"contentUrl\":\"https:\/\/www.lisettehuizenga.com\/wp-content\/uploads\/2024\/11\/logo1_enpng.png\",\"width\":921,\"height\":167,\"caption\":\"Lisette Huizenga\"},\"image\":{\"@id\":\"https:\/\/www.lisettehuizenga.com\/#\/schema\/logo\/image\/\"},\"sameAs\":[\"https:\/\/www.facebook.com\/lisette.huizenga\/\",\"https:\/\/www.instagram.com\/lisette_huizenga\/\",\"https:\/\/www.linkedin.com\/in\/lisettehuizenga\/\",\"https:\/\/x.com\/Lisette_AiA\"]}]}<\/script>\n<!-- \/ Yoast SEO plugin. -->","yoast_head_json":{"title":"Over mij - Lisette Huizenga","robots":{"index":"index","follow":"follow","max-snippet":"max-snippet:-1","max-image-preview":"max-image-preview:large","max-video-preview":"max-video-preview:-1"},"canonical":"https:\/\/www.lisettehuizenga.com\/su-di-me\/","og_locale":"en_US","og_type":"article","og_title":"Over mij - Lisette Huizenga","og_description":"[vc_row][vc_column][vc_column_text css=&#8221;.vc_custom_1753709159207{margin-bottom: 0px !important;padding-top: 20px !important;padding-bottom: 20px !important;}&#8221;] Inspiratie uit de schoonheid van het leven laat mijn werk en leven samenvloeien [\/vc_column_text][\/vc_column][\/vc_row][vc_row][vc_column width=&#8221;1\/6&#8243;][vc_single_image image=&#8221;2526&#8243;][\/vc_column][vc_column width=&#8221;2\/3&#8243;][vc_column_text css=&#8221;.vc_custom_1753709783865{margin-bottom: 0px !important;}&#8221;] Visie Mijn doel is de schoonheid van onze wereld tot uitdrukking te brengen in mijn werk, zowel door te cre\u00ebren als via mijn lezingen over de idee\u00ebn [&hellip;]","og_url":"https:\/\/www.lisettehuizenga.com\/it\/su-di-me\/","og_site_name":"Lisette Huizenga","article_publisher":"https:\/\/www.facebook.com\/lisette.huizenga\/","article_modified_time":"2025-07-28T13:36:28+00:00","twitter_card":"summary_large_image","twitter_misc":{"Est. reading time":"3 minutes"},"schema":{"@context":"https:\/\/schema.org","@graph":[{"@type":"WebPage","@id":"https:\/\/www.lisettehuizenga.com\/it\/su-di-me\/","url":"https:\/\/www.lisettehuizenga.com\/it\/su-di-me\/","name":"Over mij - Lisette Huizenga","isPartOf":{"@id":"https:\/\/www.lisettehuizenga.com\/#website"},"datePublished":"2021-05-19T09:11:15+00:00","dateModified":"2025-07-28T13:36:28+00:00","breadcrumb":{"@id":"https:\/\/www.lisettehuizenga.com\/it\/su-di-me\/#breadcrumb"},"inLanguage":"en-US","potentialAction":[{"@type":"ReadAction","target":["https:\/\/www.lisettehuizenga.com\/it\/su-di-me\/"]}]},{"@type":"BreadcrumbList","@id":"https:\/\/www.lisettehuizenga.com\/it\/su-di-me\/#breadcrumb","itemListElement":[{"@type":"ListItem","position":1,"name":"Home","item":"https:\/\/www.lisettehuizenga.com\/"},{"@type":"ListItem","position":2,"name":"Over mij"}]},{"@type":"WebSite","@id":"https:\/\/www.lisettehuizenga.com\/#website","url":"https:\/\/www.lisettehuizenga.com\/","name":"Lisette Huizenga","description":"","publisher":{"@id":"https:\/\/www.lisettehuizenga.com\/#organization"},"potentialAction":[{"@type":"SearchAction","target":{"@type":"EntryPoint","urlTemplate":"https:\/\/www.lisettehuizenga.com\/?s={search_term_string}"},"query-input":{"@type":"PropertyValueSpecification","valueRequired":true,"valueName":"search_term_string"}}],"inLanguage":"en-US"},{"@type":"Organization","@id":"https:\/\/www.lisettehuizenga.com\/#organization","name":"Lisette Huizenga","url":"https:\/\/www.lisettehuizenga.com\/","logo":{"@type":"ImageObject","inLanguage":"en-US","@id":"https:\/\/www.lisettehuizenga.com\/#\/schema\/logo\/image\/","url":"https:\/\/www.lisettehuizenga.com\/wp-content\/uploads\/2024\/11\/logo1_enpng.png","contentUrl":"https:\/\/www.lisettehuizenga.com\/wp-content\/uploads\/2024\/11\/logo1_enpng.png","width":921,"height":167,"caption":"Lisette Huizenga"},"image":{"@id":"https:\/\/www.lisettehuizenga.com\/#\/schema\/logo\/image\/"},"sameAs":["https:\/\/www.facebook.com\/lisette.huizenga\/","https:\/\/www.instagram.com\/lisette_huizenga\/","https:\/\/www.linkedin.com\/in\/lisettehuizenga\/","https:\/\/x.com\/Lisette_AiA"]}]}},"_links":{"self":[{"href":"https:\/\/www.lisettehuizenga.com\/it\/wp-json\/wp\/v2\/pages\/2428\/"}],"collection":[{"href":"https:\/\/www.lisettehuizenga.com\/it\/wp-json\/wp\/v2\/pages\/"}],"about":[{"href":"https:\/\/www.lisettehuizenga.com\/it\/wp-json\/wp\/v2\/types\/page\/"}],"author":[{"embeddable":true,"href":"https:\/\/www.lisettehuizenga.com\/it\/wp-json\/wp\/v2\/users\/4\/"}],"replies":[{"embeddable":true,"href":"https:\/\/www.lisettehuizenga.com\/it\/wp-json\/wp\/v2\/comments\/?post=2428"}],"version-history":[{"count":48,"href":"https:\/\/www.lisettehuizenga.com\/it\/wp-json\/wp\/v2\/pages\/2428\/revisions\/"}],"predecessor-version":[{"id":3640,"href":"https:\/\/www.lisettehuizenga.com\/it\/wp-json\/wp\/v2\/pages\/2428\/revisions\/3640\/"}],"wp:attachment":[{"href":"https:\/\/www.lisettehuizenga.com\/it\/wp-json\/wp\/v2\/media\/?parent=2428"}],"curies":[{"name":"wp","href":"https:\/\/api.w.org\/{rel}","templated":true}]}}